{"id":341,"date":"2021-08-27T19:47:38","date_gmt":"2021-08-27T19:47:38","guid":{"rendered":"https:\/\/dabeer.es\/?page_id=341"},"modified":"2025-05-26T07:58:34","modified_gmt":"2025-05-26T07:58:34","slug":"politica-de-privacidad","status":"publish","type":"page","link":"https:\/\/dabeer.es\/es\/politica-de-privacidad\/","title":{"rendered":"Pol\u00edtica de privacidad"},"content":{"rendered":"<h2>RESPONSABLE DEL TRATAMIENTO<\/h2>\n<p>La empresa responsable del tratamiento de sus datos en virtud de esta Pol\u00edtica de privacidad es:<\/p>\n<p>S.A. DABEER<br \/>\nNIF: A08158040<br \/>\nDomicilio social: Pasaje Arrahona 18, 2\u00ba -Pol\u00edgono Industrial Santiga- 08210 Barber\u00e0 del Vall\u00e8s (Barcelona) Espa\u00f1a<br \/>\nDirecci\u00f3n de correo electr\u00f3nico: rgpd@dabeer.es<br \/>\nWeb: www.dabeer.es<br \/>\nTel\u00e9fono: 93 7195359 \/ Fax: 93 7185673<\/p>\n<p>Inscrita en el Registro Mercantil de Barcelona, en el Folio 107, Tomo 1328, Libro 779, Secci\u00f3n 2\u00aa, Hoja 9657, Inscripci\u00f3n 1\u00aa, con el n\u00famero 2200 de fecha 23 de octubre de 1964.<\/p>\n<p>En S.A. DABEER, reconocemos la importancia de proteger su informaci\u00f3n personal y estamos comprometidos a tratarla con responsabilidad y de conformidad con las leyes de protecci\u00f3n de datos.<\/p>\n<p>La presente pol\u00edtica de privacidad hace referencia a: www.dabeer.es, y pretende regular todos los aspectos relativos al tratamiento de datos de los diferentes usuarios que navegan o facilitan sus datos personales a trav\u00e9s de los diferentes formularios situados en la web.<\/p>\n<h3>DATOS PERSONALES<\/h3>\n<p>Un dato personal, es la informaci\u00f3n que le identifica o le hace identificable. A trav\u00e9s de la web, en las casillas establecidas al efecto recogemos los datos personales que el usuario nos comunica: Nombre, compa\u00f1\u00eda, correo electr\u00f3nico, tel\u00e9fono, etc.<\/p>\n<p>La visita del usuario a la web no implica que tenga que facilitar ninguna informaci\u00f3n sobre sus datos personales. No obstante, en caso de facilitarlos, los datos ser\u00e1n tratados de forma l\u00edcita con sujeci\u00f3n en todo momento a los principios y derechos recogidos en el RGPD 2016\/679 de 27 de abril de 2016 y la LOPDGDD 3\/2018 del 5 de diciembre.<\/p>\n<h3>FINALIDAD, DURACI\u00d3N Y LEGITIMACI\u00d3N DEL TRATAMIENTO<\/h3>\n<p>Los datos que el usuario nos proporcione los trataremos con las siguientes finalidades:<\/p>\n<p>\u2022 Atender la solicitud o petici\u00f3n realizada por el usuario a trav\u00e9s del formulario de contacto situado en la web. Recogemos y tratamos los datos personales del usuario para poder tramitar y gestionar su solicitud, una consulta o cualquier petici\u00f3n que realiza a trav\u00e9s de dicho formulario. Estos datos los conservaremos durante el tiempo necesario para dar cumplimiento a su petici\u00f3n y durante el tiempo establecido por la ley con una duraci\u00f3n m\u00ednima de 3 a\u00f1os.<\/p>\n<p>\u2022 Gestionar el curr\u00edculum remitido por el interesado a trav\u00e9s del formulario habilitado para tal efecto e incluirlo en la base de datos de candidatos de la empresa. Estos datos se conservar\u00e1n durante el plazo m\u00e1ximo de un a\u00f1o, transcurrido el cual, se proceder\u00e1 al bloqueo de los datos durante el tiempo establecido legalmente, garantiz\u00e1ndole un total respeto a la confidencialidad tanto en el tratamiento como en su posterior destrucci\u00f3n.<\/p>\n<p>\u2022 Mejorar su experiencia al navegar por la web. Estos datos los conservaremos mientras el usuario no revoque su consentimiento al tratamiento de los mismos eliminando las cookies y durante el tiempo establecido por la ley con una duraci\u00f3n m\u00ednima de 3 a\u00f1os.<\/p>\n<p>La base leg\u00edtima para mejorar su experiencia al navegar por la web es el consentimiento que otorga el usuario al aceptar las cookies. El usuario tiene derecho a revocar su consentimiento en cualquier momento sin que ello afecte a la licitud del tratamiento basado en el consentimiento previo a su retirada.<\/p>\n<p>\u2022 Gestionar nuestras redes sociales y enviarle informaci\u00f3n sobre nuestras actividades y productos. Estos datos los conservaremos mientras el usuario no revoque su consentimiento al tratamiento de los mismos y durante el tiempo establecido por la ley con una duraci\u00f3n m\u00ednima de 3 a\u00f1os.<\/p>\n<p>\u2022 Gesti\u00f3n y desarrollo de la inscripci\u00f3n del usuario con motivo de la asistencia a un evento o actividad organizada por S.A. DABEER a trav\u00e9s de los datos recopilados en el formulario habilitado a tal efecto en la web. Estos datos los conservaremos mientras dure la actividad del evento y durante el tiempo establecido por la ley con una duraci\u00f3n m\u00ednima de 3 a\u00f1os.<\/p>\n<p>\u2022 Facilitar la formaci\u00f3n e informaci\u00f3n de los usuarios registrados en el Sitio Web, y realizar, en su caso, las gestiones que sean necesarias para permitir su inscripci\u00f3n y la asistencia o seguimiento de los cursos, jornadas, eventos y cualquier otra actividad formativa, social, informativa y\/o educacional en la que el usuario est\u00e9 interesado y que se oferte a trav\u00e9s de la web. Estos datos los conservaremos mientras dure la actividad de formaci\u00f3n y durante el tiempo establecido por la ley con una duraci\u00f3n m\u00ednima de 3 a\u00f1os.<\/p>\n<p>Otras finalidades del tratamiento: Analizar, as\u00ed como enviar de manera expresa a las Autoridades Sanitarias, informaci\u00f3n sobre los acontecimientos adversos de los que nos ha informado y realizar un seguimiento de su caso. Para m\u00e1s informaci\u00f3n puede consultar nuestras Fichas de Seguridad de producto.<\/p>\n<p>En el caso del Canal \u00e9tico, los datos introducidos por los usuarios o informantes ser\u00e1n tratados para recepci\u00f3n\/investigaci\u00f3n de consultas\/denuncias comunicadas a trav\u00e9s del mismo. La legitimidad viene impuesta por una obligaci\u00f3n legal de la empresa (art\u00edculo 6.1.c GDPR) y art\u00edculos 10 y 13 de la Ley 2\/2023 reguladora de la protecci\u00f3n de las personas que informen sobre infracciones. La informaci\u00f3n recibida a trav\u00e9s del Canal \u00c9tico, por imperativo ser\u00e1 conservad durante un m\u00e1ximo de 3 meses desde la introducci\u00f3n de los datos, salvo que la finalidad de la conservaci\u00f3n sea dejar evidencia del funcionamiento del modelo de prevenci\u00f3n de la comisi\u00f3n de delitos por parta de la entidad. En tal caso, los datos podr\u00e1n seguir siendo conservados, en el registro de informaciones, para seguir siendo tratados por quienes desarrollen las funciones de control interno de cumplimiento o por los encargados del tratamiento designados eventualmente para la investigaci\u00f3n interna de los hechos comunicados. Las comunicaciones a las que no se haya dado curso solamente podr\u00e1n constar de forma anonimizada, es decir, pudi\u00e9ndose recuperar los datos sin poder identificar a las personas afectadas en las denuncias.<\/p>\n<h3>CESION O COMUNICACI\u00d3N DE DATOS PERSONALES Y TRANSFERENCIAS INTERNACIONALES<\/h3>\n<p>Sus datos no se comunicar\u00e1n ni ser\u00e1n cedidos a terceros salvo que exista alguna obligaci\u00f3n legal o aquellos prestadores vinculados al Responsable que act\u00faan como encargados del tratamiento.<\/p>\n<p>No se realizan transferencias internacionales, para el caso en que en alg\u00fan momento pudieran realizarse, se le comunicar\u00e1n con el objeto de obtener su consentimiento.<\/p>\n<h3>ACTUALIZACI\u00d3N DE DATOS<\/h3>\n<p>Es importante que para que podamos mantener los datos personales actualizados, el usuario nos informe siempre que haya habido alguna modificaci\u00f3n en ellos, en caso contrario, S.A. DABEER no podr\u00e1 responder de la veracidad de los mismos.<\/p>\n<p>El usuario garantiza que los datos personales facilitados son veraces garantizando que toda la informaci\u00f3n facilitada corresponde con la situaci\u00f3n real, que est\u00e1 puesta al d\u00eda y es exacta, quedando obligado a comunicar a S. A. DABEER cualquier modificaci\u00f3n.<\/p>\n<h3>DATOS A TERCEROS<\/h3>\n<p>Si el usuario facilita datos de terceras personas para cualquier finalidad a S.A. DABEER, el usuario garantiza asimismo que ha obtenido estos datos de forma l\u00edcita, que ha informado previamente a los afectados, obteniendo su consentimiento para comunicarlos y que la informaci\u00f3n facilitada es exacta y veraz.<\/p>\n<h3>CARACTER OBLIGATORIO DE LA INFORMACI\u00d3N SOLICITADA<\/h3>\n<p>Todos nuestros formularios cuentan con un asterisco (*) en los datos obligatorios. Si el usuario no facilita esos campos, o no marca la casilla de aceptaci\u00f3n de la pol\u00edtica de privacidad, no se permitir\u00e1 el env\u00edo de la informaci\u00f3n.<\/p>\n<h3>DERECHOS DE LOS INTERESADOS<\/h3>\n<p>Tiene derecho a acceder a sus datos y a obtener confirmaci\u00f3n sobre su tratamiento, as\u00ed como una copia de los datos personales objeto de tratamiento. Tiene derecho a actualizarlos y solicitar la rectificaci\u00f3n de los datos que sean inexactos o solicitar la supresi\u00f3n cuando los datos no sean necesarios para los fines para los que fueron recabados. Puede solicitar la limitaci\u00f3n en el tratamiento de sus datos y oponerse al tratamiento de los mismos revocando su consentimiento, as\u00ed como ejercer el derecho a la portabilidad de los datos. Del mismo modo, tiene derecho a no ser objeto de decisiones basadas \u00fanicamente en el tratamiento automatizado de sus datos personales. Puede ejercer sus derechos contactando con nosotros a la direcci\u00f3n Pasaje Arrahona 18, 2\u00ba -Pol\u00edgono Industrial Santiga- 08210 Barber\u00e0 del Vall\u00e8s (Barcelona) Espa\u00f1a y\/o email: rgpd@dabeer.es<\/p>\n<p>Datos de contacto del DPO: rgpd@dabeer.es<\/p>\n<p>Si considera que sus derechos no se han atendido debidamente, tiene derecho a presentar una reclamaci\u00f3n ante la Agencia Espa\u00f1ola de Protecci\u00f3n de Datos www.aepd.es<\/p>\n<h3>TRATAMIENTO DE DATOS DE MENORES DE EDAD<\/h3>\n<p>Quien facilita los datos a trav\u00e9s de los formularios de esta web y acepta su tratamiento declara ser mayor de 14 a\u00f1os, quedando prohibido el acceso y uso del portal a menores de dicha edad. Si en alg\u00fan momento, el Responsable detecta que un menor de 14 a\u00f1os ha proporcionado datos de car\u00e1cter personal, procederemos a la cancelaci\u00f3n de los mismos. Asimismo, los padres o tutores podr\u00e1n en cualquier caso dirigirse a S.A. DABEER para bloquear la cuenta de acceso de los menores a su cargo que se hubieran registrado falseando su identidad.<\/p>\n<h3>TRATAMIENTO DE COOKIES<\/h3>\n<p>Una cookie es un peque\u00f1o archivo que se descarga y almacena en el ordenador del usuario cuando este accede a una p\u00e1gina web. Las Cookies permiten a la web, entre otras cosas, almacenar y recuperar informaci\u00f3n sobre los h\u00e1bitos de navegaci\u00f3n del usuario o de su equipo y, dependiendo de la informaci\u00f3n que contengan y de la forma en que utilice su equipo, pueden utilizarse para reconocer al usuario.<\/p>\n<p>El usuario tiene la opci\u00f3n de impedir la generaci\u00f3n de cookies, mediante la selecci\u00f3n de la correspondiente opci\u00f3n en su programa de navegador. Puede obtener m\u00e1s informaci\u00f3n leyendo nuestra Pol\u00edtica de Cookies.<\/p>\n","protected":false},"excerpt":{"rendered":"<p>RESPONSABLE DEL TRATAMIENTO La empresa responsable del tratamiento de sus datos en virtud de esta Pol\u00edtica de privacidad es: S.A. DABEER NIF: A08158040 Domicilio social: Pasaje Arrahona 18, 2\u00ba -Pol\u00edgono Industrial Santiga- 08210 Barber\u00e0 del Vall\u00e8s (Barcelona) Espa\u00f1a Direcci\u00f3n de correo electr\u00f3nico: rgpd@dabeer.es Web: www.dabeer.es Tel\u00e9fono: 93 7195359 \/ Fax: 93 7185673 Inscrita en el [&hellip;]<\/p>\n","protected":false},"author":1,"featured_media":0,"parent":0,"menu_order":0,"comment_status":"closed","ping_status":"closed","template":"","meta":{"_acf_changed":false,"footnotes":""},"class_list":["post-341","page","type-page","status-publish","hentry"],"acf":[],"yoast_head":"<!-- This site is optimized with the Yoast SEO plugin v27.3 - https:\/\/yoast.com\/product\/yoast-seo-wordpress\/ -->\n<title>Pol\u00edtica de privacidad - Dabeer<\/title>\n<meta name=\"robots\" content=\"index, follow, max-snippet:-1, max-image-preview:large, max-video-preview:-1\" \/>\n<link rel=\"canonical\" href=\"https:\/\/dabeer.es\/es\/politica-de-privacidad\/\" \/>\n<meta property=\"og:locale\" content=\"es_ES\" \/>\n<meta property=\"og:type\" content=\"article\" \/>\n<meta property=\"og:title\" content=\"Pol\u00edtica de privacidad - Dabeer\" \/>\n<meta property=\"og:description\" content=\"RESPONSABLE DEL TRATAMIENTO La empresa responsable del tratamiento de sus datos en virtud de esta Pol\u00edtica de privacidad es: S.A. DABEER NIF: A08158040 Domicilio social: Pasaje Arrahona 18, 2\u00ba -Pol\u00edgono Industrial Santiga- 08210 Barber\u00e0 del Vall\u00e8s (Barcelona) Espa\u00f1a Direcci\u00f3n de correo electr\u00f3nico: rgpd@dabeer.es Web: www.dabeer.es Tel\u00e9fono: 93 7195359 \/ Fax: 93 7185673 Inscrita en el [&hellip;]\" \/>\n<meta property=\"og:url\" content=\"https:\/\/dabeer.es\/es\/politica-de-privacidad\/\" \/>\n<meta property=\"og:site_name\" content=\"Dabeer\" \/>\n<meta property=\"article:modified_time\" content=\"2025-05-26T07:58:34+00:00\" \/>\n<meta name=\"twitter:card\" content=\"summary_large_image\" \/>\n<meta name=\"twitter:label1\" content=\"Tiempo de lectura\" \/>\n\t<meta name=\"twitter:data1\" content=\"7 minutos\" \/>\n<script type=\"application\/ld+json\" class=\"yoast-schema-graph\">{\"@context\":\"https:\\\/\\\/schema.org\",\"@graph\":[{\"@type\":\"WebPage\",\"@id\":\"https:\\\/\\\/dabeer.es\\\/es\\\/politica-de-privacidad\\\/\",\"url\":\"https:\\\/\\\/dabeer.es\\\/es\\\/politica-de-privacidad\\\/\",\"name\":\"Pol\u00edtica de privacidad - Dabeer\",\"isPartOf\":{\"@id\":\"https:\\\/\\\/dabeer.es\\\/es\\\/#website\"},\"datePublished\":\"2021-08-27T19:47:38+00:00\",\"dateModified\":\"2025-05-26T07:58:34+00:00\",\"inLanguage\":\"es\",\"potentialAction\":[{\"@type\":\"ReadAction\",\"target\":[\"https:\\\/\\\/dabeer.es\\\/es\\\/politica-de-privacidad\\\/\"]}]},{\"@type\":\"WebSite\",\"@id\":\"https:\\\/\\\/dabeer.es\\\/es\\\/#website\",\"url\":\"https:\\\/\\\/dabeer.es\\\/es\\\/\",\"name\":\"Dabeer\",\"description\":\"Otro sitio realizado con WordPress\",\"potentialAction\":[{\"@type\":\"SearchAction\",\"target\":{\"@type\":\"EntryPoint\",\"urlTemplate\":\"https:\\\/\\\/dabeer.es\\\/es\\\/?s={search_term_string}\"},\"query-input\":{\"@type\":\"PropertyValueSpecification\",\"valueRequired\":true,\"valueName\":\"search_term_string\"}}],\"inLanguage\":\"es\"}]}<\/script>\n<!-- \/ Yoast SEO plugin. -->","yoast_head_json":{"title":"Pol\u00edtica de privacidad - Dabeer","robots":{"index":"index","follow":"follow","max-snippet":"max-snippet:-1","max-image-preview":"max-image-preview:large","max-video-preview":"max-video-preview:-1"},"canonical":"https:\/\/dabeer.es\/es\/politica-de-privacidad\/","og_locale":"es_ES","og_type":"article","og_title":"Pol\u00edtica de privacidad - Dabeer","og_description":"RESPONSABLE DEL TRATAMIENTO La empresa responsable del tratamiento de sus datos en virtud de esta Pol\u00edtica de privacidad es: S.A. DABEER NIF: A08158040 Domicilio social: Pasaje Arrahona 18, 2\u00ba -Pol\u00edgono Industrial Santiga- 08210 Barber\u00e0 del Vall\u00e8s (Barcelona) Espa\u00f1a Direcci\u00f3n de correo electr\u00f3nico: rgpd@dabeer.es Web: www.dabeer.es Tel\u00e9fono: 93 7195359 \/ Fax: 93 7185673 Inscrita en el [&hellip;]","og_url":"https:\/\/dabeer.es\/es\/politica-de-privacidad\/","og_site_name":"Dabeer","article_modified_time":"2025-05-26T07:58:34+00:00","twitter_card":"summary_large_image","twitter_misc":{"Tiempo de lectura":"7 minutos"},"schema":{"@context":"https:\/\/schema.org","@graph":[{"@type":"WebPage","@id":"https:\/\/dabeer.es\/es\/politica-de-privacidad\/","url":"https:\/\/dabeer.es\/es\/politica-de-privacidad\/","name":"Pol\u00edtica de privacidad - Dabeer","isPartOf":{"@id":"https:\/\/dabeer.es\/es\/#website"},"datePublished":"2021-08-27T19:47:38+00:00","dateModified":"2025-05-26T07:58:34+00:00","inLanguage":"es","potentialAction":[{"@type":"ReadAction","target":["https:\/\/dabeer.es\/es\/politica-de-privacidad\/"]}]},{"@type":"WebSite","@id":"https:\/\/dabeer.es\/es\/#website","url":"https:\/\/dabeer.es\/es\/","name":"Dabeer","description":"Otro sitio realizado con WordPress","potentialAction":[{"@type":"SearchAction","target":{"@type":"EntryPoint","urlTemplate":"https:\/\/dabeer.es\/es\/?s={search_term_string}"},"query-input":{"@type":"PropertyValueSpecification","valueRequired":true,"valueName":"search_term_string"}}],"inLanguage":"es"}]}},"_links":{"self":[{"href":"https:\/\/dabeer.es\/es\/wp-json\/wp\/v2\/pages\/341","targetHints":{"allow":["GET"]}}],"collection":[{"href":"https:\/\/dabeer.es\/es\/wp-json\/wp\/v2\/pages"}],"about":[{"href":"https:\/\/dabeer.es\/es\/wp-json\/wp\/v2\/types\/page"}],"author":[{"embeddable":true,"href":"https:\/\/dabeer.es\/es\/wp-json\/wp\/v2\/users\/1"}],"replies":[{"embeddable":true,"href":"https:\/\/dabeer.es\/es\/wp-json\/wp\/v2\/comments?post=341"}],"version-history":[{"count":5,"href":"https:\/\/dabeer.es\/es\/wp-json\/wp\/v2\/pages\/341\/revisions"}],"predecessor-version":[{"id":1560,"href":"https:\/\/dabeer.es\/es\/wp-json\/wp\/v2\/pages\/341\/revisions\/1560"}],"wp:attachment":[{"href":"https:\/\/dabeer.es\/es\/wp-json\/wp\/v2\/media?parent=341"}],"curies":[{"name":"wp","href":"https:\/\/api.w.org\/{rel}","templated":true}]}}