{"id":1325,"date":"2022-04-29T12:30:08","date_gmt":"2022-04-29T12:30:08","guid":{"rendered":"https:\/\/dabeer.es\/?page_id=1325"},"modified":"2022-04-29T12:33:58","modified_gmt":"2022-04-29T12:33:58","slug":"politica-de-calidad-medio-ambiente-prevencion-de-riesgos-y-accidentes-graves","status":"publish","type":"page","link":"https:\/\/dabeer.es\/es\/politica-de-calidad-medio-ambiente-prevencion-de-riesgos-y-accidentes-graves\/","title":{"rendered":"Pol\u00edtica de calidad, medio ambiente, prevenci\u00f3n de riesgos y accidentes graves"},"content":{"rendered":"<p><span id=\"page100R_mcid18\" class=\"markedContent\"><span dir=\"ltr\" role=\"presentation\">S.A. DABEER<\/span> <span dir=\"ltr\" role=\"presentation\">se dedica a la investigaci\u00f3n, fabricaci\u00f3n y comercializaci\u00f3n de agentes secuestrantes y <\/span><span dir=\"ltr\" role=\"presentation\">fertilizantes agr\u00edcolas cuyos principales clientes son empresas de los sectores agr\u00edcola, detergencia, <\/span><span dir=\"ltr\" role=\"presentation\">papelero, textil, farmac\u00e9utico, alimentario, de tratamiento de aguas y cosm\u00e9tico, entre otros.<\/span><\/span><\/p>\n<p><span id=\"page100R_mcid18\" class=\"markedContent\"><span dir=\"ltr\" role=\"presentation\">Nuestra filosof\u00eda de empresa siempre se ha enfocado en conocer y satisfacer las necesidades y <\/span><span dir=\"ltr\" role=\"presentation\">expectativas de nuestro entorno, en concreto las de las organizaciones o entidades que afectan a<\/span><br role=\"presentation\" \/><span dir=\"ltr\" role=\"presentation\">nuestros sistemas de gesti\u00f3n, como son las de nuestros proveedores de materia prima y de suministros, <\/span><span dir=\"ltr\" role=\"presentation\">las de los clientes, las de los diferentes departamentos de la propia organizaci\u00f3n, las de las empresas <\/span><span dir=\"ltr\" role=\"presentation\">subcontratadas de mantenimiento y<\/span> <span dir=\"ltr\" role=\"presentation\">consultor\u00eda, as\u00ed como de aquellas que nos vinculan con la legalidad <\/span><span dir=\"ltr\" role=\"presentation\">vigente y con nuestra posici\u00f3n en el mercado nacional e internacional.<\/span><\/span><\/p>\n<p><span id=\"page100R_mcid18\" class=\"markedContent\"><span dir=\"ltr\" role=\"presentation\">Como resultado, la Direcci\u00f3n de<\/span> <span dir=\"ltr\" role=\"presentation\">S.A. DABEER<\/span><span dir=\"ltr\" role=\"presentation\">, comprometida y liderando una conciencia de calidad, <\/span><span dir=\"ltr\" role=\"presentation\">seguridad, salud y cuidado del medio ambiente, enfoca su estrategia hacia la mitigaci\u00f3n de los riesgos <\/span><span dir=\"ltr\" role=\"presentation\">que puedan afectar a los procesos de calidad, seguridad y medio ambiente, as\u00ed como al desarrollo de las <\/span><span dir=\"ltr\" role=\"presentation\">oportunidades de mejora de los mismos. <\/span><span dir=\"ltr\" role=\"presentation\">La importante implicaci\u00f3n de la Alta Direcci\u00f3n y nuestra capacidad de aprender, reflexionar, registrar <\/span><span dir=\"ltr\" role=\"presentation\">y<\/span> <span dir=\"ltr\" role=\"presentation\">comunicar la informaci\u00f3n transversalmente a todos los departamentos de la organizaci\u00f3n nos ayuda <\/span><span dir=\"ltr\" role=\"presentation\">a conseguir este objetivo.<\/span><\/span><\/p>\n<p><span id=\"page100R_mcid18\" class=\"markedContent\"><span dir=\"ltr\" role=\"presentation\">La Calidad de<\/span> <span dir=\"ltr\" role=\"presentation\">S.A. DABEER<\/span> <span dir=\"ltr\" role=\"presentation\">se centra en:<\/span><\/span><\/p>\n<ul>\n<li><span id=\"page100R_mcid22\" class=\"markedContent\"><\/span><span id=\"page100R_mcid38\" class=\"markedContent\"><span dir=\"ltr\" role=\"presentation\">mantener la exigencia de calidad con los proveedores de materia prima y suministros,<\/span><\/span><\/li>\n<li><span id=\"page100R_mcid38\" class=\"markedContent\"><span dir=\"ltr\" role=\"presentation\">la responsabilidad de satisfacer los compromisos con los clientes,<\/span><\/span><\/li>\n<li><span id=\"page100R_mcid38\" class=\"markedContent\"><span dir=\"ltr\" role=\"presentation\">la garant\u00eda de nuestros productos en desarrollo, calidad y servicio,<\/span><\/span><\/li>\n<li><span id=\"page100R_mcid38\" class=\"markedContent\"><span dir=\"ltr\" role=\"presentation\">la comunicaci\u00f3n \u00e1gil, directa y personalizada con los clientes,<\/span><\/span><\/li>\n<li><span id=\"page100R_mcid38\" class=\"markedContent\"><span dir=\"ltr\" role=\"presentation\">la eficacia del sistema de gesti\u00f3n de calidad mediante procesos consolidados y eficaces.<\/span><\/span><\/li>\n<\/ul>\n<p><span id=\"page100R_mcid42\" class=\"markedContent\"><\/span><span id=\"page100R_mcid44\" class=\"markedContent\"><span dir=\"ltr\" role=\"presentation\">La Prevenci\u00f3n de<\/span> <span dir=\"ltr\" role=\"presentation\">S.A. DABEER<\/span> <span dir=\"ltr\" role=\"presentation\">se consigue con:<\/span><\/span><\/p>\n<ul>\n<li><span id=\"page100R_mcid68\" class=\"markedContent\"><span dir=\"ltr\" role=\"presentation\">un personal responsable e implicado,<\/span><\/span><\/li>\n<li><span id=\"page100R_mcid68\" class=\"markedContent\"><span dir=\"ltr\" role=\"presentation\">la minimizaci\u00f3n de riesgos en cada puesto de trabajo,<\/span><\/span><\/li>\n<li><span id=\"page100R_mcid68\" class=\"markedContent\"><span dir=\"ltr\" role=\"presentation\">la protecci\u00f3n para la seguridad en la manipulaci\u00f3n de productos qu\u00edmicos, equipos y<\/span> <span dir=\"ltr\" role=\"presentation\">m\u00e1quinas,<\/span><\/span><\/li>\n<li><span id=\"page100R_mcid68\" class=\"markedContent\"><span dir=\"ltr\" role=\"presentation\">la mejora continua en las condiciones de salud laboral,<\/span><\/span><\/li>\n<li><span id=\"page100R_mcid68\" class=\"markedContent\"><span dir=\"ltr\" role=\"presentation\">la formaci\u00f3n continua de nuestros trabajadores,<\/span><\/span><\/li>\n<li><span id=\"page100R_mcid68\" class=\"markedContent\"><span dir=\"ltr\" role=\"presentation\">la eficacia del sistema de gesti\u00f3n de prevenci\u00f3n y seguridad.<\/span><\/span><\/li>\n<\/ul>\n<p><span id=\"page100R_mcid74\" class=\"markedContent\"><span dir=\"ltr\" role=\"presentation\">La Seguridad frente a accidentes graves se consigue con:<\/span><\/span><\/p>\n<ul>\n<li><span id=\"page100R_mcid98\" class=\"markedContent\"><span dir=\"ltr\" role=\"presentation\">una estructura de equipos de emergencia formados y consolidados,<\/span><\/span><\/li>\n<li><span id=\"page100R_mcid98\" class=\"markedContent\"><span dir=\"ltr\" role=\"presentation\">la actualizaci\u00f3n permanente de las instrucciones de emergencia y de operaci\u00f3n,<\/span><\/span><\/li>\n<li><span id=\"page100R_mcid98\" class=\"markedContent\"><span dir=\"ltr\" role=\"presentation\">la identificaci\u00f3n y evaluaci\u00f3n de los riesgos por instalaci\u00f3n y mejora continua,<\/span><\/span><\/li>\n<li><span id=\"page100R_mcid98\" class=\"markedContent\"><span dir=\"ltr\" role=\"presentation\">el compromiso de cumplimiento de la normativa vigente,<\/span><\/span><\/li>\n<li><span id=\"page100R_mcid98\" class=\"markedContent\"><span dir=\"ltr\" role=\"presentation\">la minimizaci\u00f3n de riesgos mediante procedimientos actualizados,<\/span><\/span><\/li>\n<li><span id=\"page100R_mcid98\" class=\"markedContent\"><span dir=\"ltr\" role=\"presentation\">recursos suficientes para la gesti\u00f3n de la seguridad, materiales y humanos.<\/span><\/span><\/li>\n<\/ul>\n<p><span id=\"page100R_mcid104\" class=\"markedContent\"><span dir=\"ltr\" role=\"presentation\">El compromiso con el medio ambiente queda reflejado en los esfuerzos para:<\/span><\/span><\/p>\n<ul>\n<li><span id=\"page100R_mcid120\" class=\"markedContent\"><span dir=\"ltr\" role=\"presentation\">conseguir una responsable gesti\u00f3n de los residuos peligrosos mediante gestores autorizados,<\/span><\/span><\/li>\n<li><span id=\"page100R_mcid120\" class=\"markedContent\"><span dir=\"ltr\" role=\"presentation\">comercializar los productos secundarios obtenidos,<\/span><\/span><\/li>\n<li><span id=\"page100R_mcid120\" class=\"markedContent\"><span dir=\"ltr\" role=\"presentation\">reprocesar y transformar productos no conformes en productos \u00fatiles y no en residuos,<\/span><\/span><\/li>\n<li><span id=\"page100R_mcid120\" class=\"markedContent\"><span dir=\"ltr\" role=\"presentation\">mantener y controlar los focos de emisi\u00f3n a la atm\u00f3sfera.<\/span><\/span><\/li>\n<\/ul>\n<p><span id=\"page100R_mcid126\" class=\"markedContent\"><span dir=\"ltr\" role=\"presentation\">El nivel \u00f3ptimo de los cuatro \u00e1mbitos se alcanzar\u00e1 mediante el estudio de los riesgos de los procesos <\/span><span dir=\"ltr\" role=\"presentation\">para potenciar su mejora y eliminar los puntos d\u00e9biles, una plantilla altamente cualificada y formada <\/span><span dir=\"ltr\" role=\"presentation\">para garantizar la eficacia de sus actividades y una Direcci\u00f3n completamente involucrada en dar apoyo <\/span><span dir=\"ltr\" role=\"presentation\">y liderar de forma directa el desarrollo y la mejorar continua de los procesos, con una l\u00ednea estrat\u00e9gica <\/span><span dir=\"ltr\" role=\"presentation\">que prev\u00e9 cualquier inversi\u00f3n de futuro salvaguardando los cuatro pilares de la organizaci\u00f3n.<\/span><\/span><\/p>\n","protected":false},"excerpt":{"rendered":"<p>S.A. DABEER se dedica a la investigaci\u00f3n, fabricaci\u00f3n y comercializaci\u00f3n de agentes secuestrantes y fertilizantes agr\u00edcolas cuyos principales clientes son empresas de los sectores agr\u00edcola, detergencia, papelero, textil, farmac\u00e9utico, alimentario, de tratamiento de aguas y cosm\u00e9tico, entre otros. Nuestra filosof\u00eda de empresa siempre se ha enfocado en conocer y satisfacer las necesidades y expectativas de [&hellip;]<\/p>\n","protected":false},"author":1,"featured_media":0,"parent":0,"menu_order":0,"comment_status":"closed","ping_status":"closed","template":"","meta":{"_acf_changed":false,"footnotes":""},"class_list":["post-1325","page","type-page","status-publish","hentry"],"acf":[],"yoast_head":"<!-- This site is optimized with the Yoast SEO plugin v27.3 - https:\/\/yoast.com\/product\/yoast-seo-wordpress\/ -->\n<title>Pol\u00edtica de calidad, medio ambiente, prevenci\u00f3n de riesgos y accidentes graves - Dabeer<\/title>\n<meta name=\"robots\" content=\"index, follow, max-snippet:-1, max-image-preview:large, max-video-preview:-1\" \/>\n<link rel=\"canonical\" href=\"https:\/\/dabeer.es\/es\/politica-de-calidad-medio-ambiente-prevencion-de-riesgos-y-accidentes-graves\/\" \/>\n<meta property=\"og:locale\" content=\"es_ES\" \/>\n<meta property=\"og:type\" content=\"article\" \/>\n<meta property=\"og:title\" content=\"Pol\u00edtica de calidad, medio ambiente, prevenci\u00f3n de riesgos y accidentes graves - Dabeer\" \/>\n<meta property=\"og:description\" content=\"S.A. DABEER se dedica a la investigaci\u00f3n, fabricaci\u00f3n y comercializaci\u00f3n de agentes secuestrantes y fertilizantes agr\u00edcolas cuyos principales clientes son empresas de los sectores agr\u00edcola, detergencia, papelero, textil, farmac\u00e9utico, alimentario, de tratamiento de aguas y cosm\u00e9tico, entre otros. Nuestra filosof\u00eda de empresa siempre se ha enfocado en conocer y satisfacer las necesidades y expectativas de [&hellip;]\" \/>\n<meta property=\"og:url\" content=\"https:\/\/dabeer.es\/es\/politica-de-calidad-medio-ambiente-prevencion-de-riesgos-y-accidentes-graves\/\" \/>\n<meta property=\"og:site_name\" content=\"Dabeer\" \/>\n<meta property=\"article:modified_time\" content=\"2022-04-29T12:33:58+00:00\" \/>\n<meta name=\"twitter:card\" content=\"summary_large_image\" \/>\n<meta name=\"twitter:label1\" content=\"Tiempo de lectura\" \/>\n\t<meta name=\"twitter:data1\" content=\"3 minutos\" \/>\n<script type=\"application\/ld+json\" class=\"yoast-schema-graph\">{\"@context\":\"https:\\\/\\\/schema.org\",\"@graph\":[{\"@type\":\"WebPage\",\"@id\":\"https:\\\/\\\/dabeer.es\\\/es\\\/politica-de-calidad-medio-ambiente-prevencion-de-riesgos-y-accidentes-graves\\\/\",\"url\":\"https:\\\/\\\/dabeer.es\\\/es\\\/politica-de-calidad-medio-ambiente-prevencion-de-riesgos-y-accidentes-graves\\\/\",\"name\":\"Pol\u00edtica de calidad, medio ambiente, prevenci\u00f3n de riesgos y accidentes graves - Dabeer\",\"isPartOf\":{\"@id\":\"https:\\\/\\\/dabeer.es\\\/es\\\/#website\"},\"datePublished\":\"2022-04-29T12:30:08+00:00\",\"dateModified\":\"2022-04-29T12:33:58+00:00\",\"inLanguage\":\"es\",\"potentialAction\":[{\"@type\":\"ReadAction\",\"target\":[\"https:\\\/\\\/dabeer.es\\\/es\\\/politica-de-calidad-medio-ambiente-prevencion-de-riesgos-y-accidentes-graves\\\/\"]}]},{\"@type\":\"WebSite\",\"@id\":\"https:\\\/\\\/dabeer.es\\\/es\\\/#website\",\"url\":\"https:\\\/\\\/dabeer.es\\\/es\\\/\",\"name\":\"Dabeer\",\"description\":\"Otro sitio realizado con WordPress\",\"potentialAction\":[{\"@type\":\"SearchAction\",\"target\":{\"@type\":\"EntryPoint\",\"urlTemplate\":\"https:\\\/\\\/dabeer.es\\\/es\\\/?s={search_term_string}\"},\"query-input\":{\"@type\":\"PropertyValueSpecification\",\"valueRequired\":true,\"valueName\":\"search_term_string\"}}],\"inLanguage\":\"es\"}]}<\/script>\n<!-- \/ Yoast SEO plugin. -->","yoast_head_json":{"title":"Pol\u00edtica de calidad, medio ambiente, prevenci\u00f3n de riesgos y accidentes graves - Dabeer","robots":{"index":"index","follow":"follow","max-snippet":"max-snippet:-1","max-image-preview":"max-image-preview:large","max-video-preview":"max-video-preview:-1"},"canonical":"https:\/\/dabeer.es\/es\/politica-de-calidad-medio-ambiente-prevencion-de-riesgos-y-accidentes-graves\/","og_locale":"es_ES","og_type":"article","og_title":"Pol\u00edtica de calidad, medio ambiente, prevenci\u00f3n de riesgos y accidentes graves - Dabeer","og_description":"S.A. DABEER se dedica a la investigaci\u00f3n, fabricaci\u00f3n y comercializaci\u00f3n de agentes secuestrantes y fertilizantes agr\u00edcolas cuyos principales clientes son empresas de los sectores agr\u00edcola, detergencia, papelero, textil, farmac\u00e9utico, alimentario, de tratamiento de aguas y cosm\u00e9tico, entre otros. Nuestra filosof\u00eda de empresa siempre se ha enfocado en conocer y satisfacer las necesidades y expectativas de [&hellip;]","og_url":"https:\/\/dabeer.es\/es\/politica-de-calidad-medio-ambiente-prevencion-de-riesgos-y-accidentes-graves\/","og_site_name":"Dabeer","article_modified_time":"2022-04-29T12:33:58+00:00","twitter_card":"summary_large_image","twitter_misc":{"Tiempo de lectura":"3 minutos"},"schema":{"@context":"https:\/\/schema.org","@graph":[{"@type":"WebPage","@id":"https:\/\/dabeer.es\/es\/politica-de-calidad-medio-ambiente-prevencion-de-riesgos-y-accidentes-graves\/","url":"https:\/\/dabeer.es\/es\/politica-de-calidad-medio-ambiente-prevencion-de-riesgos-y-accidentes-graves\/","name":"Pol\u00edtica de calidad, medio ambiente, prevenci\u00f3n de riesgos y accidentes graves - Dabeer","isPartOf":{"@id":"https:\/\/dabeer.es\/es\/#website"},"datePublished":"2022-04-29T12:30:08+00:00","dateModified":"2022-04-29T12:33:58+00:00","inLanguage":"es","potentialAction":[{"@type":"ReadAction","target":["https:\/\/dabeer.es\/es\/politica-de-calidad-medio-ambiente-prevencion-de-riesgos-y-accidentes-graves\/"]}]},{"@type":"WebSite","@id":"https:\/\/dabeer.es\/es\/#website","url":"https:\/\/dabeer.es\/es\/","name":"Dabeer","description":"Otro sitio realizado con WordPress","potentialAction":[{"@type":"SearchAction","target":{"@type":"EntryPoint","urlTemplate":"https:\/\/dabeer.es\/es\/?s={search_term_string}"},"query-input":{"@type":"PropertyValueSpecification","valueRequired":true,"valueName":"search_term_string"}}],"inLanguage":"es"}]}},"_links":{"self":[{"href":"https:\/\/dabeer.es\/es\/wp-json\/wp\/v2\/pages\/1325","targetHints":{"allow":["GET"]}}],"collection":[{"href":"https:\/\/dabeer.es\/es\/wp-json\/wp\/v2\/pages"}],"about":[{"href":"https:\/\/dabeer.es\/es\/wp-json\/wp\/v2\/types\/page"}],"author":[{"embeddable":true,"href":"https:\/\/dabeer.es\/es\/wp-json\/wp\/v2\/users\/1"}],"replies":[{"embeddable":true,"href":"https:\/\/dabeer.es\/es\/wp-json\/wp\/v2\/comments?post=1325"}],"version-history":[{"count":2,"href":"https:\/\/dabeer.es\/es\/wp-json\/wp\/v2\/pages\/1325\/revisions"}],"predecessor-version":[{"id":1327,"href":"https:\/\/dabeer.es\/es\/wp-json\/wp\/v2\/pages\/1325\/revisions\/1327"}],"wp:attachment":[{"href":"https:\/\/dabeer.es\/es\/wp-json\/wp\/v2\/media?parent=1325"}],"curies":[{"name":"wp","href":"https:\/\/api.w.org\/{rel}","templated":true}]}}